{"id":6,"date":"2020-11-12T16:11:52","date_gmt":"2020-11-12T18:11:52","guid":{"rendered":"http:\/\/e-apskaita.lt\/?page_id=6"},"modified":"2021-01-18T19:44:14","modified_gmt":"2021-01-18T21:44:14","slug":"pradinis","status":"publish","type":"page","link":"https:\/\/www.e-apskaita.lt\/en\/","title":{"rendered":"Main"},"content":{"rendered":"<div class=\"col-md-5\">\n<h3>About Us<\/h3>\n<p>Praktika tur\u0117ti specialist\u0105 \u012fdarbint\u0105 \u012fmon\u0117je yra naudinga tik didesn\u0117ms \u012fmon\u0117ms, kuriose \u0161ie specialistai turi pakankam\u0105 darbo kr\u016bv\u012f. Dauguma ma\u017eesni\u0173 \u012fmoni\u0173 renkasi apskaitos tvarkym\u0105 atliekan\u010dias \u012fmones.<\/p>\n<p>e-apskaita.lt apjungia dvi skirtingas apskaitos r\u016b\u0161is, t.y.,<\/p>\n<ul>\n<li>buhalterin\u0119 apskait\u0105 ir<\/li>\n<li>aplinkosaugos apskait\u0105 (PAV, GPAIS, SPAV, kitos).<\/li>\n<\/ul>\n<p>Stengiantis prisitaikyti prie darbini\u0173 ribojim\u0173 bei i\u0161likusio poreikio tvarkyti apskaitas, maksimal\u0173 paslaug\u0173 kiek\u012f ir pasiekiamum\u0105, perk\u0117l\u0117me \u012f internet\u0105 ir paslaugas teikiame nuotoliniu b\u016bdu. Internetas leid\u017eia atsisakyti tiesioginio fizinio kontakto su klientu (viruso atveju visoms pus\u0117ms saugiau), sutaupyti vykimo \u012f darb\u0105 laik\u0105, bei sutrumpinti reikaling\u0173 darb\u0173 ar paslaug\u0173 atlikimo laik\u0105.<\/p>\n<h4>Buhalterin\u0117 apskaita<\/h4>\n<p>Ilgamet\u0117 patirtis dirbant su skirtingo dyd\u017eio \u012fmon\u0117mis, leid\u017eia pasi\u016blyti geriausius sprendimus. Didel\u0117s \u012fmon\u0117s turi pilnu etatu dirban\u010dius buhalterius, visgi ma\u017eesn\u0117ms \u012fmon\u0117ms &#8211; n\u0117ra tokio poreikio, kadangi i\u0161laikyti pilnu etatu dirbant\u012f buhalter\u012f kainuoja brangiau nei tur\u0117ti be atostog\u0173 dirbant\u012f &#8222;nuotolin\u012f buhalter\u012f&#8221;. Buhalterin\u0117s apskaitos paslaug\u0173 kaina priklauso nuo keli\u0173 pagrindini\u0173 fakt\u0173, t.y. darbuotoj\u0173 kiekio, s\u0105skait\u0173 kiekio, kit\u0173 su apskaita susijusi\u0173 operacij\u0173 kiekiu.<br \/>\nSuaktyv\u0117jus internetinei prekybai (naujai prad\u0117ti bei i\u0161 fizini\u0173 parduotuvi\u0173 persik\u0117l\u0119 \u012f internet\u0105 verslai), dauguma versl\u0173 ie\u0161ko patogi\u0173 sprendim\u0173, skirt\u0173 buhalterin\u0117s apskaitos tvarkymui.<\/p>\n<h4>Aplinkosaugos apskaita<\/h4>\n<p>Darbo metu susidaro didelis gamybos atliek\u0173 ar \u0161iuk\u0161li\u0173 kiekis? Gamybos procese naudojamos lakiosios med\u017eiagos? GPAIS, iMAS ir kiti &#8222;keiksma\u017eod\u017eiai&#8221; susij\u0119 su aplinkosauga?<br \/>\nTokiu atveju si\u016blome rinktis m\u016bs\u0173 specialistus, kurie atsakys \u012f Jums i\u0161kilusius klausimus, suteiks individuali\u0105 konsultacij\u0105 aplinkosaugos klausimais, atliks \u012fmon\u0117s aplinkosaugos audit\u0105, sutvarkys GPAIS ar kitus duomenis, praves individualius mokymus.<\/p>\n<p>Turite nestandartini\u0173 klausim\u0173 &#8211; atsakysime \u012f juos.<\/p>\n<\/div>\n<div class=\"col-md-6 col-md-offset-1\"><\/div>","protected":false},"excerpt":{"rendered":"<p>Apie mus Praktika tur\u0117ti specialist\u0105 \u012fdarbint\u0105 \u012fmon\u0117je yra naudinga tik didesn\u0117ms \u012fmon\u0117ms, kuriose \u0161ie specialistai turi pakankam\u0105 darbo kr\u016bv\u012f. Dauguma ma\u017eesni\u0173 \u012fmoni\u0173 renkasi apskaitos tvarkym\u0105 atliekan\u010dias \u012fmones. e-apskaita.lt apjungia dvi skirtingas apskaitos r\u016b\u0161is, t.y., buhalterin\u0119 apskait\u0105 ir aplinkosaugos apskait\u0105 (PAV, GPAIS, SPAV, kitos). Stengiantis prisitaikyti prie darbini\u0173 ribojim\u0173 bei i\u0161likusio [&hellip;]<\/p>","protected":false},"author":1,"featured_media":5,"parent":0,"menu_order":0,"comment_status":"closed","ping_status":"closed","template":"","meta":[],"yoast_head":"<!-- This site is optimized with the Yoast SEO plugin v16.0.1 - https:\/\/yoast.com\/wordpress\/plugins\/seo\/ -->\n<title>Pradinis - e-apskaita - paprasta apskaita internetu<\/title>\n<meta name=\"description\" content=\"Apskaita ir jos tvarkymas reikalauja daug \u017eini\u0173. Atsakysime \u012f Jums kylan\u010dius buhalterin\u0117s apskaitos ar aplinkosauginius klausimus suprantamai.\" \/>\n<link rel=\"canonical\" href=\"http:\/\/www.e-apskaita.lt\/en\/\" \/>\n<meta property=\"og:locale\" content=\"en_GB\" \/>\n<meta property=\"og:type\" content=\"article\" \/>\n<meta property=\"og:title\" content=\"Pradinis - e-apskaita - paprasta apskaita internetu\" \/>\n<meta property=\"og:description\" content=\"Apskaita ir jos tvarkymas reikalauja daug \u017eini\u0173. Atsakysime \u012f Jums kylan\u010dius buhalterin\u0117s apskaitos ar aplinkosauginius klausimus suprantamai.\" \/>\n<meta property=\"og:url\" content=\"http:\/\/www.e-apskaita.lt\/en\/\" \/>\n<meta property=\"og:site_name\" content=\"e-apskaita - paprasta apskaita internetu\" \/>\n<meta property=\"article:modified_time\" content=\"2021-01-18T21:44:14+00:00\" \/>\n<meta property=\"og:image\" content=\"https:\/\/www.e-apskaita.lt\/wp-content\/uploads\/2020\/11\/contact.jpg\" \/>\n\t<meta property=\"og:image:width\" content=\"1024\" \/>\n\t<meta property=\"og:image:height\" content=\"683\" \/>\n<meta name=\"twitter:card\" content=\"summary_large_image\" \/>\n<meta name=\"twitter:label1\" content=\"Estimated reading time\">\n\t<meta name=\"twitter:data1\" content=\"2 minutes\">\n<script type=\"application\/ld+json\" class=\"yoast-schema-graph\">{\"@context\":\"https:\/\/schema.org\",\"@graph\":[{\"@type\":\"WebSite\",\"@id\":\"http:\/\/www.e-apskaita.lt\/lt_lt\/#website\",\"url\":\"http:\/\/www.e-apskaita.lt\/lt_lt\/\",\"name\":\"e-apskaita - paprasta apskaita internetu\",\"description\":\"\",\"potentialAction\":[{\"@type\":\"SearchAction\",\"target\":\"http:\/\/www.e-apskaita.lt\/lt_lt\/?s={search_term_string}\",\"query-input\":\"required name=search_term_string\"}],\"inLanguage\":\"en-GB\"},{\"@type\":\"ImageObject\",\"@id\":\"http:\/\/www.e-apskaita.lt\/lt_lt\/#primaryimage\",\"inLanguage\":\"en-GB\",\"url\":\"https:\/\/www.e-apskaita.lt\/wp-content\/uploads\/2020\/11\/contact.jpg\",\"width\":1024,\"height\":683},{\"@type\":\"WebPage\",\"@id\":\"http:\/\/www.e-apskaita.lt\/lt_lt\/#webpage\",\"url\":\"http:\/\/www.e-apskaita.lt\/lt_lt\/\",\"name\":\"Pradinis - e-apskaita - paprasta apskaita internetu\",\"isPartOf\":{\"@id\":\"http:\/\/www.e-apskaita.lt\/lt_lt\/#website\"},\"primaryImageOfPage\":{\"@id\":\"http:\/\/www.e-apskaita.lt\/lt_lt\/#primaryimage\"},\"datePublished\":\"2020-11-12T18:11:52+00:00\",\"dateModified\":\"2021-01-18T21:44:14+00:00\",\"description\":\"Apskaita ir jos tvarkymas reikalauja daug \\u017eini\\u0173. Atsakysime \\u012f Jums kylan\\u010dius buhalterin\\u0117s apskaitos ar aplinkosauginius klausimus suprantamai.\",\"breadcrumb\":{\"@id\":\"http:\/\/www.e-apskaita.lt\/lt_lt\/#breadcrumb\"},\"inLanguage\":\"en-GB\",\"potentialAction\":[{\"@type\":\"ReadAction\",\"target\":[\"http:\/\/www.e-apskaita.lt\/lt_lt\/\"]}]},{\"@type\":\"BreadcrumbList\",\"@id\":\"http:\/\/www.e-apskaita.lt\/lt_lt\/#breadcrumb\",\"itemListElement\":[{\"@type\":\"ListItem\",\"position\":1,\"item\":{\"@type\":\"WebPage\",\"@id\":\"http:\/\/www.e-apskaita.lt\/lt_lt\/\",\"url\":\"http:\/\/www.e-apskaita.lt\/lt_lt\/\",\"name\":\"Home\"}},{\"@type\":\"ListItem\",\"position\":2,\"item\":{\"@type\":\"WebPage\",\"@id\":\"http:\/\/www.e-apskaita.lt\/lt_lt\/\",\"url\":\"http:\/\/www.e-apskaita.lt\/lt_lt\/\",\"name\":\"Pradinis\"}}]}]}<\/script>\n<!-- \/ Yoast SEO plugin. -->","_links":{"self":[{"href":"https:\/\/www.e-apskaita.lt\/en\/wp-json\/wp\/v2\/pages\/6"}],"collection":[{"href":"https:\/\/www.e-apskaita.lt\/en\/wp-json\/wp\/v2\/pages"}],"about":[{"href":"https:\/\/www.e-apskaita.lt\/en\/wp-json\/wp\/v2\/types\/page"}],"author":[{"embeddable":true,"href":"https:\/\/www.e-apskaita.lt\/en\/wp-json\/wp\/v2\/users\/1"}],"replies":[{"embeddable":true,"href":"https:\/\/www.e-apskaita.lt\/en\/wp-json\/wp\/v2\/comments?post=6"}],"version-history":[{"count":5,"href":"https:\/\/www.e-apskaita.lt\/en\/wp-json\/wp\/v2\/pages\/6\/revisions"}],"predecessor-version":[{"id":45,"href":"https:\/\/www.e-apskaita.lt\/en\/wp-json\/wp\/v2\/pages\/6\/revisions\/45"}],"wp:featuredmedia":[{"embeddable":true,"href":"https:\/\/www.e-apskaita.lt\/en\/wp-json\/wp\/v2\/media\/5"}],"wp:attachment":[{"href":"https:\/\/www.e-apskaita.lt\/en\/wp-json\/wp\/v2\/media?parent=6"}],"curies":[{"name":"wp","href":"https:\/\/api.w.org\/{rel}","templated":true}]}}